{"id":1717,"date":"2026-02-19T19:45:23","date_gmt":"2026-02-19T19:45:23","guid":{"rendered":"https:\/\/bassdj.com.br\/novo%203\/?page_id=1717"},"modified":"2026-03-11T12:47:12","modified_gmt":"2026-03-11T12:47:12","slug":"inicio","status":"publish","type":"page","link":"https:\/\/bassdj.com.br\/","title":{"rendered":"In\u00edcio"},"content":{"rendered":"\t\t<div data-elementor-type=\"wp-page\" data-elementor-id=\"1717\" class=\"elementor elementor-1717\" data-elementor-post-type=\"page\">\n\t\t\t\t<div class=\"elementor-element elementor-element-7813408 e-flex e-con-boxed elementor-invisible e-con e-parent\" data-id=\"7813408\" data-element_type=\"container\" data-e-type=\"container\" data-settings=\"{&quot;background_background&quot;:&quot;classic&quot;,&quot;animation&quot;:&quot;fadeIn&quot;}\">\n\t\t\t\t\t<div class=\"e-con-inner\">\n\t\t\t\t<div class=\"elementor-element elementor-element-7c8612b elementor-widget elementor-widget-heading\" data-id=\"7c8612b\" data-element_type=\"widget\" data-e-type=\"widget\" data-widget_type=\"heading.default\">\n\t\t\t\t\t<h2 class=\"elementor-heading-title elementor-size-default\">Bem-Vindos!<\/h2>\t\t\t\t<\/div>\n\t\t\t\t<div class=\"elementor-element elementor-element-cb4e745 elementor-widget-mobile__width-initial elementor-widget elementor-widget-text-editor\" data-id=\"cb4e745\" data-element_type=\"widget\" data-e-type=\"widget\" data-widget_type=\"text-editor.default\">\n\t\t\t\t\t\t\t\t\t<p>Transforme sua ideia em hit com samples de alto n\u00edvel e um m\u00e9todo pr\u00e1tico de produ\u00e7\u00e3o musical.<\/p>\t\t\t\t\t\t\t\t<\/div>\n\t\t\t\t\t<\/div>\n\t\t\t\t<\/div>\n\t\t<div class=\"elementor-element elementor-element-c867600 e-flex e-con-boxed elementor-invisible e-con e-parent\" data-id=\"c867600\" data-element_type=\"container\" data-e-type=\"container\" data-settings=\"{&quot;animation&quot;:&quot;fadeIn&quot;}\">\n\t\t\t\t\t<div class=\"e-con-inner\">\n\t\t\t\t<div class=\"elementor-element elementor-element-6759aa2 elementor-widget elementor-widget-heading\" data-id=\"6759aa2\" data-element_type=\"widget\" data-e-type=\"widget\" data-widget_type=\"heading.default\">\n\t\t\t\t\t<h2 class=\"elementor-heading-title elementor-size-default\">Confira nossas novidades<\/h2>\t\t\t\t<\/div>\n\t\t\t\t<div class=\"elementor-element elementor-element-e731e24 elementor-grid-tablet-4 elementor-product-loop-item--align-center elementor-grid-4 elementor-grid-mobile-2 elementor-products-grid elementor-wc-products elementor-widget elementor-widget-woocommerce-products\" data-id=\"e731e24\" data-element_type=\"widget\" data-e-type=\"widget\" data-widget_type=\"woocommerce-products.default\">\n\t\t\t\t<div class=\"elementor-widget-container\">\n\t\t\t\t\t<div class=\"woocommerce columns-4 \"><ul class=\"products elementor-grid columns-4\">\n<li class=\"product type-product post-43 status-publish first instock product_cat-curso product_tag-curso product_tag-eletrofunk product_tag-funk product_tag-funknejo has-post-thumbnail shipping-taxable product-type-external\">\n\t<a href=\"https:\/\/bassdj.com.br\/index.php\/produto\/curso-do-zero-ao-funk\/\" class=\"woocommerce-LoopProduct-link woocommerce-loop-product__link\"><img fetchpriority=\"high\" decoding=\"async\" width=\"300\" height=\"300\" src=\"https:\/\/bassdj.com.br\/wp-content\/uploads\/2026\/02\/ZERO-AO-FUNK-300x300.png\" class=\"attachment-woocommerce_thumbnail size-woocommerce_thumbnail\" alt=\"Curso do Zero ao Funk\" srcset=\"https:\/\/bassdj.com.br\/wp-content\/uploads\/2026\/02\/ZERO-AO-FUNK-300x300.png 300w, https:\/\/bassdj.com.br\/wp-content\/uploads\/2026\/02\/ZERO-AO-FUNK-150x150.png 150w, https:\/\/bassdj.com.br\/wp-content\/uploads\/2026\/02\/ZERO-AO-FUNK-100x100.png 100w\" sizes=\"(max-width: 300px) 100vw, 300px\" \/><h2 class=\"woocommerce-loop-product__title\">Curso do Zero ao Funk<\/h2>\n\t<span class=\"price\"><span class=\"woocommerce-Price-amount amount\"><bdi><span class=\"woocommerce-Price-currencySymbol\">&#82;&#36;<\/span>&nbsp;97,00<\/bdi><\/span><\/span>\n<\/a><div class=\"woocommerce-loop-product__buttons\"><a href=\"https:\/\/pay.kiwify.com.br\/mVfrDU4\" aria-describedby=\"woocommerce_loop_add_to_cart_link_describedby_43\" data-quantity=\"1\" class=\"button product_type_external\" data-product_id=\"43\" data-product_sku=\"\" aria-label=\"Comprar\" rel=\"nofollow\">Comprar<\/a><\/div>\t<span id=\"woocommerce_loop_add_to_cart_link_describedby_43\" class=\"screen-reader-text\">\n\t\t\t<\/span>\n<\/li>\n<li class=\"product type-product post-41 status-publish instock product_cat-sample-pack product_tag-funk product_tag-funknejo product_tag-pack has-post-thumbnail shipping-taxable product-type-external\">\n\t<a href=\"https:\/\/bassdj.com.br\/index.php\/produto\/projeto-sequencia-feiticeira-x-o-baile-todo\/\" class=\"woocommerce-LoopProduct-link woocommerce-loop-product__link\"><img decoding=\"async\" width=\"300\" height=\"300\" src=\"https:\/\/bassdj.com.br\/wp-content\/uploads\/2026\/02\/SAMPLE-PACK-SEQUENCIA-FEITICEIRA-300x300.png\" class=\"attachment-woocommerce_thumbnail size-woocommerce_thumbnail\" alt=\"Projeto Sequ\u00eancia Feiticeira x O Baile Todo\" srcset=\"https:\/\/bassdj.com.br\/wp-content\/uploads\/2026\/02\/SAMPLE-PACK-SEQUENCIA-FEITICEIRA-300x300.png 300w, https:\/\/bassdj.com.br\/wp-content\/uploads\/2026\/02\/SAMPLE-PACK-SEQUENCIA-FEITICEIRA-150x150.png 150w, https:\/\/bassdj.com.br\/wp-content\/uploads\/2026\/02\/SAMPLE-PACK-SEQUENCIA-FEITICEIRA-100x100.png 100w\" sizes=\"(max-width: 300px) 100vw, 300px\" \/><h2 class=\"woocommerce-loop-product__title\">Projeto Sequ\u00eancia Feiticeira x O Baile Todo<\/h2>\n\t<span class=\"price\"><span class=\"woocommerce-Price-amount amount\"><bdi><span class=\"woocommerce-Price-currencySymbol\">&#82;&#36;<\/span>&nbsp;10,00<\/bdi><\/span><\/span>\n<\/a><div class=\"woocommerce-loop-product__buttons\"><a href=\"https:\/\/pay.kiwify.com.br\/Jmgoa43\" aria-describedby=\"woocommerce_loop_add_to_cart_link_describedby_41\" data-quantity=\"1\" class=\"button product_type_external\" data-product_id=\"41\" data-product_sku=\"\" aria-label=\"Comprar\" rel=\"nofollow\">Comprar<\/a><\/div>\t<span id=\"woocommerce_loop_add_to_cart_link_describedby_41\" class=\"screen-reader-text\">\n\t\t\t<\/span>\n<\/li>\n<li class=\"product type-product post-39 status-publish instock product_cat-sample-pack product_tag-eletrofunk product_tag-funk product_tag-funknejo product_tag-pack has-post-thumbnail shipping-taxable product-type-external\">\n\t<a href=\"https:\/\/bassdj.com.br\/index.php\/produto\/pack-eletrofunk-e-mega-funk\/\" class=\"woocommerce-LoopProduct-link woocommerce-loop-product__link\"><img decoding=\"async\" width=\"300\" height=\"300\" src=\"https:\/\/bassdj.com.br\/wp-content\/uploads\/2026\/02\/SAMPLE-PACK-ELETROFUNK-V1-300x300.png\" class=\"attachment-woocommerce_thumbnail size-woocommerce_thumbnail\" alt=\"Pack ELETROFUNK E MEGA FUNK\" srcset=\"https:\/\/bassdj.com.br\/wp-content\/uploads\/2026\/02\/SAMPLE-PACK-ELETROFUNK-V1-300x300.png 300w, https:\/\/bassdj.com.br\/wp-content\/uploads\/2026\/02\/SAMPLE-PACK-ELETROFUNK-V1-150x150.png 150w, https:\/\/bassdj.com.br\/wp-content\/uploads\/2026\/02\/SAMPLE-PACK-ELETROFUNK-V1-100x100.png 100w\" sizes=\"(max-width: 300px) 100vw, 300px\" \/><h2 class=\"woocommerce-loop-product__title\">Pack ELETROFUNK E MEGA FUNK<\/h2>\n\t<span class=\"price\"><span class=\"woocommerce-Price-amount amount\"><bdi><span class=\"woocommerce-Price-currencySymbol\">&#82;&#36;<\/span>&nbsp;24,99<\/bdi><\/span><\/span>\n<\/a><div class=\"woocommerce-loop-product__buttons\"><a href=\"https:\/\/pay.kiwify.com.br\/DHxNQEm\" aria-describedby=\"woocommerce_loop_add_to_cart_link_describedby_39\" data-quantity=\"1\" class=\"button product_type_external\" data-product_id=\"39\" data-product_sku=\"\" aria-label=\"Comprar\" rel=\"nofollow\">Comprar<\/a><\/div>\t<span id=\"woocommerce_loop_add_to_cart_link_describedby_39\" class=\"screen-reader-text\">\n\t\t\t<\/span>\n<\/li>\n<li class=\"product type-product post-36 status-publish last instock product_cat-free product_cat-nordeste product_tag-forro product_tag-forropedeserra product_tag-piseiro has-post-thumbnail shipping-taxable product-type-external\">\n\t<a href=\"https:\/\/bassdj.com.br\/index.php\/produto\/pack-arrasta-pe-e-forro-pe-de-serra\/\" class=\"woocommerce-LoopProduct-link woocommerce-loop-product__link\"><img loading=\"lazy\" decoding=\"async\" width=\"300\" height=\"300\" src=\"https:\/\/bassdj.com.br\/wp-content\/uploads\/2026\/02\/SAMPLE-PACK-PE-DE-SERRA-300x300.png\" class=\"attachment-woocommerce_thumbnail size-woocommerce_thumbnail\" alt=\"Pack Arrasta P\u00e9 e Forr\u00f3 P\u00e9 de Serra\" srcset=\"https:\/\/bassdj.com.br\/wp-content\/uploads\/2026\/02\/SAMPLE-PACK-PE-DE-SERRA-300x300.png 300w, https:\/\/bassdj.com.br\/wp-content\/uploads\/2026\/02\/SAMPLE-PACK-PE-DE-SERRA-150x150.png 150w, https:\/\/bassdj.com.br\/wp-content\/uploads\/2026\/02\/SAMPLE-PACK-PE-DE-SERRA-100x100.png 100w\" sizes=\"(max-width: 300px) 100vw, 300px\" \/><h2 class=\"woocommerce-loop-product__title\">Pack Arrasta P\u00e9 e Forr\u00f3 P\u00e9 de Serra<\/h2>\n\t<span class=\"price\"><span class=\"woocommerce-Price-amount amount\"><bdi><span class=\"woocommerce-Price-currencySymbol\">&#82;&#36;<\/span>&nbsp;0,00<\/bdi><\/span><\/span>\n<\/a><div class=\"woocommerce-loop-product__buttons\"><a href=\"https:\/\/drive.proton.me\/urls\/XTSHRFRQ1R#c9FTzLc5zbB8\" aria-describedby=\"woocommerce_loop_add_to_cart_link_describedby_36\" data-quantity=\"1\" class=\"button product_type_external\" data-product_id=\"36\" data-product_sku=\"\" aria-label=\"Comprar\" rel=\"nofollow\">Comprar<\/a><\/div>\t<span id=\"woocommerce_loop_add_to_cart_link_describedby_36\" class=\"screen-reader-text\">\n\t\t\t<\/span>\n<\/li>\n<li class=\"product type-product post-34 status-publish first instock product_cat-sample-pack product_tag-funk product_tag-funknejo product_tag-mtg product_tag-pack has-post-thumbnail shipping-taxable product-type-external\">\n\t<a href=\"https:\/\/bassdj.com.br\/index.php\/produto\/sample-pack-funk-mtg\/\" class=\"woocommerce-LoopProduct-link woocommerce-loop-product__link\"><img loading=\"lazy\" decoding=\"async\" width=\"300\" height=\"300\" src=\"https:\/\/bassdj.com.br\/wp-content\/uploads\/2026\/02\/SAMPLE-PACK-FUNK-MTG-V1-300x300.png\" class=\"attachment-woocommerce_thumbnail size-woocommerce_thumbnail\" alt=\"Sample Pack Funk MTG\" srcset=\"https:\/\/bassdj.com.br\/wp-content\/uploads\/2026\/02\/SAMPLE-PACK-FUNK-MTG-V1-300x300.png 300w, https:\/\/bassdj.com.br\/wp-content\/uploads\/2026\/02\/SAMPLE-PACK-FUNK-MTG-V1-150x150.png 150w, https:\/\/bassdj.com.br\/wp-content\/uploads\/2026\/02\/SAMPLE-PACK-FUNK-MTG-V1-100x100.png 100w\" sizes=\"(max-width: 300px) 100vw, 300px\" \/><h2 class=\"woocommerce-loop-product__title\">Sample Pack Funk MTG<\/h2>\n\t<span class=\"price\"><span class=\"woocommerce-Price-amount amount\"><bdi><span class=\"woocommerce-Price-currencySymbol\">&#82;&#36;<\/span>&nbsp;19,99<\/bdi><\/span><\/span>\n<\/a><div class=\"woocommerce-loop-product__buttons\"><a href=\"https:\/\/pay.kiwify.com.br\/maXZel5\" aria-describedby=\"woocommerce_loop_add_to_cart_link_describedby_34\" data-quantity=\"1\" class=\"button product_type_external\" data-product_id=\"34\" data-product_sku=\"\" aria-label=\"Comprar\" rel=\"nofollow\">Comprar<\/a><\/div>\t<span id=\"woocommerce_loop_add_to_cart_link_describedby_34\" class=\"screen-reader-text\">\n\t\t\t<\/span>\n<\/li>\n<li class=\"product type-product post-32 status-publish instock product_cat-nordeste product_cat-sample-pack product_tag-batidao product_tag-funk product_tag-pack has-post-thumbnail shipping-taxable product-type-external\">\n\t<a href=\"https:\/\/bassdj.com.br\/index.php\/produto\/sample-pack-batidao-vol-1\/\" class=\"woocommerce-LoopProduct-link woocommerce-loop-product__link\"><img loading=\"lazy\" decoding=\"async\" width=\"300\" height=\"300\" src=\"https:\/\/bassdj.com.br\/wp-content\/uploads\/2026\/02\/SAMPLE-PACK-BATIDAO-300x300.png\" class=\"attachment-woocommerce_thumbnail size-woocommerce_thumbnail\" alt=\"Sample Pack Batid\u00e3o Vol. 1\" srcset=\"https:\/\/bassdj.com.br\/wp-content\/uploads\/2026\/02\/SAMPLE-PACK-BATIDAO-300x300.png 300w, https:\/\/bassdj.com.br\/wp-content\/uploads\/2026\/02\/SAMPLE-PACK-BATIDAO-150x150.png 150w, https:\/\/bassdj.com.br\/wp-content\/uploads\/2026\/02\/SAMPLE-PACK-BATIDAO-100x100.png 100w\" sizes=\"(max-width: 300px) 100vw, 300px\" \/><h2 class=\"woocommerce-loop-product__title\">Sample Pack Batid\u00e3o Vol. 1<\/h2><div class=\"star-rating\" role=\"img\" aria-label=\"Avalia\u00e7\u00e3o 5.00 de 5\"><span style=\"width:100%\">Avalia\u00e7\u00e3o <strong class=\"rating\">5.00<\/strong> de 5<\/span><\/div>\n\t<span class=\"price\"><span class=\"woocommerce-Price-amount amount\"><bdi><span class=\"woocommerce-Price-currencySymbol\">&#82;&#36;<\/span>&nbsp;9,99<\/bdi><\/span><\/span>\n<\/a><div class=\"woocommerce-loop-product__buttons\"><a href=\"https:\/\/pay.kiwify.com.br\/0K0mzq7\" aria-describedby=\"woocommerce_loop_add_to_cart_link_describedby_32\" data-quantity=\"1\" class=\"button product_type_external\" data-product_id=\"32\" data-product_sku=\"\" aria-label=\"Comprar\" rel=\"nofollow\">Comprar<\/a><\/div>\t<span id=\"woocommerce_loop_add_to_cart_link_describedby_32\" class=\"screen-reader-text\">\n\t\t\t<\/span>\n<\/li>\n<li class=\"product type-product post-30 status-publish instock product_cat-sample-pack product_tag-arrochadeira product_tag-bregadeira product_tag-pack product_tag-piseiro has-post-thumbnail shipping-taxable product-type-external\">\n\t<a href=\"https:\/\/bassdj.com.br\/index.php\/produto\/sample-pack-bregadeira\/\" class=\"woocommerce-LoopProduct-link woocommerce-loop-product__link\"><img loading=\"lazy\" decoding=\"async\" width=\"300\" height=\"300\" src=\"https:\/\/bassdj.com.br\/wp-content\/uploads\/2026\/02\/SAMPLE-PACK-BREGADEIRA-300x300.png\" class=\"attachment-woocommerce_thumbnail size-woocommerce_thumbnail\" alt=\"Sample Pack Bregadeira\" srcset=\"https:\/\/bassdj.com.br\/wp-content\/uploads\/2026\/02\/SAMPLE-PACK-BREGADEIRA-300x300.png 300w, https:\/\/bassdj.com.br\/wp-content\/uploads\/2026\/02\/SAMPLE-PACK-BREGADEIRA-150x150.png 150w, https:\/\/bassdj.com.br\/wp-content\/uploads\/2026\/02\/SAMPLE-PACK-BREGADEIRA-100x100.png 100w\" sizes=\"(max-width: 300px) 100vw, 300px\" \/><h2 class=\"woocommerce-loop-product__title\">Sample Pack Bregadeira<\/h2>\n\t<span class=\"price\"><span class=\"woocommerce-Price-amount amount\"><bdi><span class=\"woocommerce-Price-currencySymbol\">&#82;&#36;<\/span>&nbsp;9,99<\/bdi><\/span><\/span>\n<\/a><div class=\"woocommerce-loop-product__buttons\"><a href=\"https:\/\/pay.kiwify.com.br\/Y3QKRFt\" aria-describedby=\"woocommerce_loop_add_to_cart_link_describedby_30\" data-quantity=\"1\" class=\"button product_type_external\" data-product_id=\"30\" data-product_sku=\"\" aria-label=\"Comprar\" rel=\"nofollow\">Comprar<\/a><\/div>\t<span id=\"woocommerce_loop_add_to_cart_link_describedby_30\" class=\"screen-reader-text\">\n\t\t\t<\/span>\n<\/li>\n<li class=\"product type-product post-28 status-publish last instock product_cat-sample-pack product_tag-funk product_tag-funknejo product_tag-pack has-post-thumbnail shipping-taxable product-type-external\">\n\t<a href=\"https:\/\/bassdj.com.br\/index.php\/produto\/sample-pack-tem-cafe\/\" class=\"woocommerce-LoopProduct-link woocommerce-loop-product__link\"><img loading=\"lazy\" decoding=\"async\" width=\"300\" height=\"300\" src=\"https:\/\/bassdj.com.br\/wp-content\/uploads\/2026\/02\/SAMPLE-PACK-TEM-CAFE-300x300.png\" class=\"attachment-woocommerce_thumbnail size-woocommerce_thumbnail\" alt=\"Sample Pack Tem Caf\u00e9\" srcset=\"https:\/\/bassdj.com.br\/wp-content\/uploads\/2026\/02\/SAMPLE-PACK-TEM-CAFE-300x300.png 300w, https:\/\/bassdj.com.br\/wp-content\/uploads\/2026\/02\/SAMPLE-PACK-TEM-CAFE-150x150.png 150w, https:\/\/bassdj.com.br\/wp-content\/uploads\/2026\/02\/SAMPLE-PACK-TEM-CAFE-100x100.png 100w\" sizes=\"(max-width: 300px) 100vw, 300px\" \/><h2 class=\"woocommerce-loop-product__title\">Sample Pack Tem Caf\u00e9<\/h2>\n\t<span class=\"price\"><span class=\"woocommerce-Price-amount amount\"><bdi><span class=\"woocommerce-Price-currencySymbol\">&#82;&#36;<\/span>&nbsp;5,00<\/bdi><\/span><\/span>\n<\/a><div class=\"woocommerce-loop-product__buttons\"><a href=\"https:\/\/pay.kiwify.com.br\/mzKSaRH\" aria-describedby=\"woocommerce_loop_add_to_cart_link_describedby_28\" data-quantity=\"1\" class=\"button product_type_external\" data-product_id=\"28\" data-product_sku=\"\" aria-label=\"Comprar\" rel=\"nofollow\">Comprar<\/a><\/div>\t<span id=\"woocommerce_loop_add_to_cart_link_describedby_28\" class=\"screen-reader-text\">\n\t\t\t<\/span>\n<\/li>\n<\/ul>\n<\/div>\t\t\t\t<\/div>\n\t\t\t\t<\/div>\n\t\t\t\t\t<\/div>\n\t\t\t\t<\/div>\n\t\t<div class=\"elementor-element elementor-element-6573a36 e-flex e-con-boxed elementor-invisible e-con e-parent\" data-id=\"6573a36\" data-element_type=\"container\" data-e-type=\"container\" data-settings=\"{&quot;animation&quot;:&quot;fadeIn&quot;}\">\n\t\t\t\t\t<div class=\"e-con-inner\">\n\t\t\t\t<div class=\"elementor-element elementor-element-6e63d01 elementor-widget elementor-widget-heading\" data-id=\"6e63d01\" data-element_type=\"widget\" data-e-type=\"widget\" data-widget_type=\"heading.default\">\n\t\t\t\t\t<h2 class=\"elementor-heading-title elementor-size-default\">Compartilhe<\/h2>\t\t\t\t<\/div>\n\t\t\t\t<div class=\"elementor-element elementor-element-29dacc2 elementor-share-buttons--view-icon elementor-share-buttons--shape-rounded elementor-share-buttons--skin-gradient elementor-grid-0 elementor-share-buttons--color-official elementor-widget elementor-widget-share-buttons\" data-id=\"29dacc2\" data-element_type=\"widget\" data-e-type=\"widget\" data-widget_type=\"share-buttons.default\">\n\t\t\t\t\t\t\t<div class=\"elementor-grid\" role=\"list\">\n\t\t\t\t\t\t\t\t<div class=\"elementor-grid-item\" role=\"listitem\">\n\t\t\t\t\t\t<div class=\"elementor-share-btn elementor-share-btn_whatsapp\" role=\"button\" tabindex=\"0\" aria-label=\"Compartilhar no whatsapp\">\n\t\t\t\t\t\t\t\t\t\t\t\t\t\t\t<span class=\"elementor-share-btn__icon\">\n\t\t\t\t\t\t\t\t<svg aria-hidden=\"true\" class=\"e-font-icon-svg e-fab-whatsapp\" viewBox=\"0 0 448 512\" xmlns=\"http:\/\/www.w3.org\/2000\/svg\"><path d=\"M380.9 97.1C339 55.1 283.2 32 223.9 32c-122.4 0-222 99.6-222 222 0 39.1 10.2 77.3 29.6 111L0 480l117.7-30.9c32.4 17.7 68.9 27 106.1 27h.1c122.3 0 224.1-99.6 224.1-222 0-59.3-25.2-115-67.1-157zm-157 341.6c-33.2 0-65.7-8.9-94-25.7l-6.7-4-69.8 18.3L72 359.2l-4.4-7c-18.5-29.4-28.2-63.3-28.2-98.2 0-101.7 82.8-184.5 184.6-184.5 49.3 0 95.6 19.2 130.4 54.1 34.8 34.9 56.2 81.2 56.1 130.5 0 101.8-84.9 184.6-186.6 184.6zm101.2-138.2c-5.5-2.8-32.8-16.2-37.9-18-5.1-1.9-8.8-2.8-12.5 2.8-3.7 5.6-14.3 18-17.6 21.8-3.2 3.7-6.5 4.2-12 1.4-32.6-16.3-54-29.1-75.5-66-5.7-9.8 5.7-9.1 16.3-30.3 1.8-3.7.9-6.9-.5-9.7-1.4-2.8-12.5-30.1-17.1-41.2-4.5-10.8-9.1-9.3-12.5-9.5-3.2-.2-6.9-.2-10.6-.2-3.7 0-9.7 1.4-14.8 6.9-5.1 5.6-19.4 19-19.4 46.3 0 27.3 19.9 53.7 22.6 57.4 2.8 3.7 39.1 59.7 94.8 83.8 35.2 15.2 49 16.5 66.6 13.9 10.7-1.6 32.8-13.4 37.4-26.4 4.6-13 4.6-24.1 3.2-26.4-1.3-2.5-5-3.9-10.5-6.6z\"><\/path><\/svg>\t\t\t\t\t\t\t<\/span>\n\t\t\t\t\t\t\t\t\t\t\t\t\t\t\t\t\t\t\t\t<\/div>\n\t\t\t\t\t<\/div>\n\t\t\t\t\t\t\t\t\t<div class=\"elementor-grid-item\" role=\"listitem\">\n\t\t\t\t\t\t<div class=\"elementor-share-btn elementor-share-btn_telegram\" role=\"button\" tabindex=\"0\" aria-label=\"Compartilhar no telegram\">\n\t\t\t\t\t\t\t\t\t\t\t\t\t\t\t<span class=\"elementor-share-btn__icon\">\n\t\t\t\t\t\t\t\t<svg aria-hidden=\"true\" class=\"e-font-icon-svg e-fab-telegram\" viewBox=\"0 0 496 512\" xmlns=\"http:\/\/www.w3.org\/2000\/svg\"><path d=\"M248 8C111 8 0 119 0 256s111 248 248 248 248-111 248-248S385 8 248 8zm121.8 169.9l-40.7 191.8c-3 13.6-11.1 16.9-22.4 10.5l-62-45.7-29.9 28.8c-3.3 3.3-6.1 6.1-12.5 6.1l4.4-63.1 114.9-103.8c5-4.4-1.1-6.9-7.7-2.5l-142 89.4-61.2-19.1c-13.3-4.2-13.6-13.3 2.8-19.7l239.1-92.2c11.1-4 20.8 2.7 17.2 19.5z\"><\/path><\/svg>\t\t\t\t\t\t\t<\/span>\n\t\t\t\t\t\t\t\t\t\t\t\t\t\t\t\t\t\t\t\t<\/div>\n\t\t\t\t\t<\/div>\n\t\t\t\t\t\t\t\t\t<div class=\"elementor-grid-item\" role=\"listitem\">\n\t\t\t\t\t\t<div class=\"elementor-share-btn elementor-share-btn_email\" role=\"button\" tabindex=\"0\" aria-label=\"Compartilhar no email\">\n\t\t\t\t\t\t\t\t\t\t\t\t\t\t\t<span class=\"elementor-share-btn__icon\">\n\t\t\t\t\t\t\t\t<svg aria-hidden=\"true\" class=\"e-font-icon-svg e-fas-envelope\" viewBox=\"0 0 512 512\" xmlns=\"http:\/\/www.w3.org\/2000\/svg\"><path d=\"M502.3 190.8c3.9-3.1 9.7-.2 9.7 4.7V400c0 26.5-21.5 48-48 48H48c-26.5 0-48-21.5-48-48V195.6c0-5 5.7-7.8 9.7-4.7 22.4 17.4 52.1 39.5 154.1 113.6 21.1 15.4 56.7 47.8 92.2 47.6 35.7.3 72-32.8 92.3-47.6 102-74.1 131.6-96.3 154-113.7zM256 320c23.2.4 56.6-29.2 73.4-41.4 132.7-96.3 142.8-104.7 173.4-128.7 5.8-4.5 9.2-11.5 9.2-18.9v-19c0-26.5-21.5-48-48-48H48C21.5 64 0 85.5 0 112v19c0 7.4 3.4 14.3 9.2 18.9 30.6 23.9 40.7 32.4 173.4 128.7 16.8 12.2 50.2 41.8 73.4 41.4z\"><\/path><\/svg>\t\t\t\t\t\t\t<\/span>\n\t\t\t\t\t\t\t\t\t\t\t\t\t\t\t\t\t\t\t\t<\/div>\n\t\t\t\t\t<\/div>\n\t\t\t\t\t\t<\/div>\n\t\t\t\t\t\t<\/div>\n\t\t\t\t\t<\/div>\n\t\t\t\t<\/div>\n\t\t\t\t<\/div>\n\t\t","protected":false},"excerpt":{"rendered":"<p>Bem-Vindos! Transforme sua ideia em hit com samples de alto n\u00edvel e um m\u00e9todo pr\u00e1tico de produ\u00e7\u00e3o musical. Confira nossas novidades Compartilhe<\/p>\n","protected":false},"author":1,"featured_media":1728,"parent":0,"menu_order":0,"comment_status":"closed","ping_status":"closed","template":"elementor_header_footer","meta":{"footnotes":""},"class_list":["post-1717","page","type-page","status-publish","has-post-thumbnail","hentry"],"_links":{"self":[{"href":"https:\/\/bassdj.com.br\/index.php\/wp-json\/wp\/v2\/pages\/1717","targetHints":{"allow":["GET"]}}],"collection":[{"href":"https:\/\/bassdj.com.br\/index.php\/wp-json\/wp\/v2\/pages"}],"about":[{"href":"https:\/\/bassdj.com.br\/index.php\/wp-json\/wp\/v2\/types\/page"}],"author":[{"embeddable":true,"href":"https:\/\/bassdj.com.br\/index.php\/wp-json\/wp\/v2\/users\/1"}],"replies":[{"embeddable":true,"href":"https:\/\/bassdj.com.br\/index.php\/wp-json\/wp\/v2\/comments?post=1717"}],"version-history":[{"count":31,"href":"https:\/\/bassdj.com.br\/index.php\/wp-json\/wp\/v2\/pages\/1717\/revisions"}],"predecessor-version":[{"id":1852,"href":"https:\/\/bassdj.com.br\/index.php\/wp-json\/wp\/v2\/pages\/1717\/revisions\/1852"}],"wp:featuredmedia":[{"embeddable":true,"href":"https:\/\/bassdj.com.br\/index.php\/wp-json\/wp\/v2\/media\/1728"}],"wp:attachment":[{"href":"https:\/\/bassdj.com.br\/index.php\/wp-json\/wp\/v2\/media?parent=1717"}],"curies":[{"name":"wp","href":"https:\/\/api.w.org\/{rel}","templated":true}]}}