{"id":26,"date":"2026-02-17T17:24:38","date_gmt":"2026-02-17T17:24:38","guid":{"rendered":"https:\/\/bassdj.com.br\/novo%203\/?post_type=product&#038;p=26"},"modified":"2026-02-21T19:02:43","modified_gmt":"2026-02-21T19:02:43","slug":"sample-pack-amor-na-praia","status":"publish","type":"product","link":"https:\/\/bassdj.com.br\/index.php\/produto\/sample-pack-amor-na-praia\/","title":{"rendered":"Sample Pack Amor na praia"},"content":{"rendered":"<p>Sample pack com os elementos da m\u00fasica, AMOR NA PRAIA, produzida pelo Bass Dj.<br \/>\nContem samples de bateria, baixo, guitarra, efeitos sonoros, sample com notas musicais e v\u00e1rios loops.<br \/>\nTodos os arquivos est\u00e3o em WAV, para manter a melhor qualidade poss\u00edvel.<\/p>\n","protected":false},"excerpt":{"rendered":"<p>Sample pack com os elementos da m\u00fasica, AMOR NA PRAIA, produzida pelo Bass Dj. Contem samples de bateria, baixo, guitarra, efeitos sonoros, sample com notas musicais e v\u00e1rios loops. Todos os arquivos est\u00e3o em WAV, para manter a melhor qualidade poss\u00edvel.<\/p>\n","protected":false},"featured_media":1794,"comment_status":"open","ping_status":"closed","template":"","meta":[],"product_brand":[],"product_cat":[18],"product_tag":[19,20,21],"class_list":{"0":"post-26","1":"product","2":"type-product","3":"status-publish","4":"has-post-thumbnail","6":"product_cat-sample-pack","7":"product_tag-funk","8":"product_tag-funknejo","9":"product_tag-pack","11":"first","12":"instock","13":"shipping-taxable","14":"product-type-external"},"_links":{"self":[{"href":"https:\/\/bassdj.com.br\/index.php\/wp-json\/wp\/v2\/product\/26","targetHints":{"allow":["GET"]}}],"collection":[{"href":"https:\/\/bassdj.com.br\/index.php\/wp-json\/wp\/v2\/product"}],"about":[{"href":"https:\/\/bassdj.com.br\/index.php\/wp-json\/wp\/v2\/types\/product"}],"replies":[{"embeddable":true,"href":"https:\/\/bassdj.com.br\/index.php\/wp-json\/wp\/v2\/comments?post=26"}],"wp:featuredmedia":[{"embeddable":true,"href":"https:\/\/bassdj.com.br\/index.php\/wp-json\/wp\/v2\/media\/1794"}],"wp:attachment":[{"href":"https:\/\/bassdj.com.br\/index.php\/wp-json\/wp\/v2\/media?parent=26"}],"wp:term":[{"taxonomy":"product_brand","embeddable":true,"href":"https:\/\/bassdj.com.br\/index.php\/wp-json\/wp\/v2\/product_brand?post=26"},{"taxonomy":"product_cat","embeddable":true,"href":"https:\/\/bassdj.com.br\/index.php\/wp-json\/wp\/v2\/product_cat?post=26"},{"taxonomy":"product_tag","embeddable":true,"href":"https:\/\/bassdj.com.br\/index.php\/wp-json\/wp\/v2\/product_tag?post=26"}],"curies":[{"name":"wp","href":"https:\/\/api.w.org\/{rel}","templated":true}]}}