{"id":28,"date":"2026-02-17T17:28:08","date_gmt":"2026-02-17T17:28:08","guid":{"rendered":"https:\/\/bassdj.com.br\/novo%203\/?post_type=product&#038;p=28"},"modified":"2026-02-21T19:33:19","modified_gmt":"2026-02-21T19:33:19","slug":"sample-pack-tem-cafe","status":"publish","type":"product","link":"https:\/\/bassdj.com.br\/index.php\/produto\/sample-pack-tem-cafe\/","title":{"rendered":"Sample Pack Tem Caf\u00e9"},"content":{"rendered":"<p>Nosso sample pack conta com alguns dos melhores sample para produ\u00e7\u00e3o musical voltado para os g\u00eaneros funk, funknejo, mega funk e etc.<br \/>\nTemos diversos samples de bateria, viradas loop, instrumentos musicais e efeitos sonoros.<\/p>\n","protected":false},"excerpt":{"rendered":"<p>Nosso sample pack conta com alguns dos melhores sample para produ\u00e7\u00e3o musical voltado para os g\u00eaneros funk, funknejo, mega funk e etc. Temos diversos samples de bateria, viradas loop, instrumentos musicais e efeitos sonoros.<\/p>\n","protected":false},"featured_media":1802,"comment_status":"open","ping_status":"closed","template":"","meta":[],"product_brand":[],"product_cat":[18],"product_tag":[19,20,21],"class_list":{"0":"post-28","1":"product","2":"type-product","3":"status-publish","4":"has-post-thumbnail","6":"product_cat-sample-pack","7":"product_tag-funk","8":"product_tag-funknejo","9":"product_tag-pack","11":"first","12":"instock","13":"shipping-taxable","14":"product-type-external"},"_links":{"self":[{"href":"https:\/\/bassdj.com.br\/index.php\/wp-json\/wp\/v2\/product\/28","targetHints":{"allow":["GET"]}}],"collection":[{"href":"https:\/\/bassdj.com.br\/index.php\/wp-json\/wp\/v2\/product"}],"about":[{"href":"https:\/\/bassdj.com.br\/index.php\/wp-json\/wp\/v2\/types\/product"}],"replies":[{"embeddable":true,"href":"https:\/\/bassdj.com.br\/index.php\/wp-json\/wp\/v2\/comments?post=28"}],"wp:featuredmedia":[{"embeddable":true,"href":"https:\/\/bassdj.com.br\/index.php\/wp-json\/wp\/v2\/media\/1802"}],"wp:attachment":[{"href":"https:\/\/bassdj.com.br\/index.php\/wp-json\/wp\/v2\/media?parent=28"}],"wp:term":[{"taxonomy":"product_brand","embeddable":true,"href":"https:\/\/bassdj.com.br\/index.php\/wp-json\/wp\/v2\/product_brand?post=28"},{"taxonomy":"product_cat","embeddable":true,"href":"https:\/\/bassdj.com.br\/index.php\/wp-json\/wp\/v2\/product_cat?post=28"},{"taxonomy":"product_tag","embeddable":true,"href":"https:\/\/bassdj.com.br\/index.php\/wp-json\/wp\/v2\/product_tag?post=28"}],"curies":[{"name":"wp","href":"https:\/\/api.w.org\/{rel}","templated":true}]}}