{"id":34,"date":"2026-02-17T17:38:33","date_gmt":"2026-02-17T17:38:33","guid":{"rendered":"https:\/\/bassdj.com.br\/novo%203\/?post_type=product&#038;p=34"},"modified":"2026-02-21T19:19:33","modified_gmt":"2026-02-21T19:19:33","slug":"sample-pack-funk-mtg","status":"publish","type":"product","link":"https:\/\/bassdj.com.br\/index.php\/produto\/sample-pack-funk-mtg\/","title":{"rendered":"Sample Pack Funk MTG"},"content":{"rendered":"<p>O pack essencial para elevar suas produ\u00e7\u00f5es de funk ao pr\u00f3ximo n\u00edvel!<br \/>\nO SAMPLE PACK FUNK MTG foi criado especialmente para produtores que querem timbres prontos, pesados e com a cara do funk moderno.<br \/>\nO que voc\u00ea encontra nesse pack:<br \/>\nBaterias com pe\u00e7as separadas (kicks, claps, caixas, hi-hats, etc.)<br \/>\nBasslines marcantes com o peso do funk MTG<br \/>\nEfeitos sonoros (FX)<br \/>\nSynths criativos e agressivos pra melodias envolventes<br \/>\n\u2705 Totalmente organizados por pastas<br \/>\n\u2705 Compat\u00edvel com qualquer DAW<\/p>\n","protected":false},"excerpt":{"rendered":"<p>O pack essencial para elevar suas produ\u00e7\u00f5es de funk ao pr\u00f3ximo n\u00edvel! O SAMPLE PACK FUNK MTG foi criado especialmente para produtores que querem timbres prontos, pesados e com a cara do funk moderno. O que voc\u00ea encontra nesse pack: Baterias com pe\u00e7as separadas (kicks, claps, caixas, hi-hats, etc.) Basslines marcantes com o peso do [&hellip;]<\/p>\n","protected":false},"featured_media":1800,"comment_status":"open","ping_status":"closed","template":"","meta":[],"product_brand":[],"product_cat":[18],"product_tag":[19,20,27,21],"class_list":{"0":"post-34","1":"product","2":"type-product","3":"status-publish","4":"has-post-thumbnail","6":"product_cat-sample-pack","7":"product_tag-funk","8":"product_tag-funknejo","9":"product_tag-mtg","10":"product_tag-pack","12":"first","13":"instock","14":"shipping-taxable","15":"product-type-external"},"_links":{"self":[{"href":"https:\/\/bassdj.com.br\/index.php\/wp-json\/wp\/v2\/product\/34","targetHints":{"allow":["GET"]}}],"collection":[{"href":"https:\/\/bassdj.com.br\/index.php\/wp-json\/wp\/v2\/product"}],"about":[{"href":"https:\/\/bassdj.com.br\/index.php\/wp-json\/wp\/v2\/types\/product"}],"replies":[{"embeddable":true,"href":"https:\/\/bassdj.com.br\/index.php\/wp-json\/wp\/v2\/comments?post=34"}],"wp:featuredmedia":[{"embeddable":true,"href":"https:\/\/bassdj.com.br\/index.php\/wp-json\/wp\/v2\/media\/1800"}],"wp:attachment":[{"href":"https:\/\/bassdj.com.br\/index.php\/wp-json\/wp\/v2\/media?parent=34"}],"wp:term":[{"taxonomy":"product_brand","embeddable":true,"href":"https:\/\/bassdj.com.br\/index.php\/wp-json\/wp\/v2\/product_brand?post=34"},{"taxonomy":"product_cat","embeddable":true,"href":"https:\/\/bassdj.com.br\/index.php\/wp-json\/wp\/v2\/product_cat?post=34"},{"taxonomy":"product_tag","embeddable":true,"href":"https:\/\/bassdj.com.br\/index.php\/wp-json\/wp\/v2\/product_tag?post=34"}],"curies":[{"name":"wp","href":"https:\/\/api.w.org\/{rel}","templated":true}]}}