{"id":36,"date":"2026-02-17T17:40:49","date_gmt":"2026-02-17T17:40:49","guid":{"rendered":"https:\/\/bassdj.com.br\/novo%203\/?post_type=product&#038;p=36"},"modified":"2026-02-21T19:08:27","modified_gmt":"2026-02-21T19:08:27","slug":"pack-arrasta-pe-e-forro-pe-de-serra","status":"publish","type":"product","link":"https:\/\/bassdj.com.br\/index.php\/produto\/pack-arrasta-pe-e-forro-pe-de-serra\/","title":{"rendered":"Pack Arrasta P\u00e9 e Forr\u00f3 P\u00e9 de Serra"},"content":{"rendered":"<p>\ud83e\udd41 Pack Arrasta P\u00e9 &amp; Forr\u00f3 P\u00e9 de Serra \u2014 O groove do forr\u00f3 raiz em samples WAV gratuitos.<\/p>\n<p>Para baixar os arquivos basta clicar em comprar !<\/p>\n","protected":false},"excerpt":{"rendered":"[playlist ids=\"45,46,47,48,49,50,51,52\"]\n","protected":false},"featured_media":1795,"comment_status":"open","ping_status":"closed","template":"","meta":[],"product_brand":[],"product_cat":[28,25],"product_tag":[29,30,24],"class_list":{"0":"post-36","1":"product","2":"type-product","3":"status-publish","4":"has-post-thumbnail","6":"product_cat-free","7":"product_cat-nordeste","8":"product_tag-forro","9":"product_tag-forropedeserra","10":"product_tag-piseiro","12":"first","13":"instock","14":"shipping-taxable","15":"product-type-external"},"_links":{"self":[{"href":"https:\/\/bassdj.com.br\/index.php\/wp-json\/wp\/v2\/product\/36","targetHints":{"allow":["GET"]}}],"collection":[{"href":"https:\/\/bassdj.com.br\/index.php\/wp-json\/wp\/v2\/product"}],"about":[{"href":"https:\/\/bassdj.com.br\/index.php\/wp-json\/wp\/v2\/types\/product"}],"replies":[{"embeddable":true,"href":"https:\/\/bassdj.com.br\/index.php\/wp-json\/wp\/v2\/comments?post=36"}],"wp:featuredmedia":[{"embeddable":true,"href":"https:\/\/bassdj.com.br\/index.php\/wp-json\/wp\/v2\/media\/1795"}],"wp:attachment":[{"href":"https:\/\/bassdj.com.br\/index.php\/wp-json\/wp\/v2\/media?parent=36"}],"wp:term":[{"taxonomy":"product_brand","embeddable":true,"href":"https:\/\/bassdj.com.br\/index.php\/wp-json\/wp\/v2\/product_brand?post=36"},{"taxonomy":"product_cat","embeddable":true,"href":"https:\/\/bassdj.com.br\/index.php\/wp-json\/wp\/v2\/product_cat?post=36"},{"taxonomy":"product_tag","embeddable":true,"href":"https:\/\/bassdj.com.br\/index.php\/wp-json\/wp\/v2\/product_tag?post=36"}],"curies":[{"name":"wp","href":"https:\/\/api.w.org\/{rel}","templated":true}]}}