{"id":41,"date":"2026-02-17T17:59:15","date_gmt":"2026-02-17T17:59:15","guid":{"rendered":"https:\/\/bassdj.com.br\/novo%203\/?post_type=product&#038;p=41"},"modified":"2026-02-21T19:56:16","modified_gmt":"2026-02-21T19:56:16","slug":"projeto-sequencia-feiticeira-x-o-baile-todo","status":"publish","type":"product","link":"https:\/\/bassdj.com.br\/index.php\/produto\/projeto-sequencia-feiticeira-x-o-baile-todo\/","title":{"rendered":"Projeto Sequ\u00eancia Feiticeira x O Baile Todo"},"content":{"rendered":"<p>Projeto aberto completo do remix Sequ\u00eancia Feiticeira x O Baile Todo. Confira todos os elementos usados na produ\u00e7\u00e3o: arranjo, percuss\u00f5es, efeitos, timbres e constru\u00e7\u00e3o de drop. Ideal para estudar, aprender t\u00e9cnicas e entender a estrutura de uma faixa de funk profissional.<\/p>\n","protected":false},"excerpt":{"rendered":"<p>Projeto aberto completo do remix Sequ\u00eancia Feiticeira x O Baile Todo. Confira todos os elementos usados na produ\u00e7\u00e3o: arranjo, percuss\u00f5es, efeitos, timbres e constru\u00e7\u00e3o de drop. Ideal para estudar, aprender t\u00e9cnicas e entender a estrutura de uma faixa de funk profissional.<\/p>\n","protected":false},"featured_media":1811,"comment_status":"open","ping_status":"closed","template":"","meta":[],"product_brand":[],"product_cat":[18],"product_tag":[19,20,21],"class_list":{"0":"post-41","1":"product","2":"type-product","3":"status-publish","4":"has-post-thumbnail","6":"product_cat-sample-pack","7":"product_tag-funk","8":"product_tag-funknejo","9":"product_tag-pack","11":"first","12":"instock","13":"shipping-taxable","14":"product-type-external"},"_links":{"self":[{"href":"https:\/\/bassdj.com.br\/index.php\/wp-json\/wp\/v2\/product\/41","targetHints":{"allow":["GET"]}}],"collection":[{"href":"https:\/\/bassdj.com.br\/index.php\/wp-json\/wp\/v2\/product"}],"about":[{"href":"https:\/\/bassdj.com.br\/index.php\/wp-json\/wp\/v2\/types\/product"}],"replies":[{"embeddable":true,"href":"https:\/\/bassdj.com.br\/index.php\/wp-json\/wp\/v2\/comments?post=41"}],"wp:featuredmedia":[{"embeddable":true,"href":"https:\/\/bassdj.com.br\/index.php\/wp-json\/wp\/v2\/media\/1811"}],"wp:attachment":[{"href":"https:\/\/bassdj.com.br\/index.php\/wp-json\/wp\/v2\/media?parent=41"}],"wp:term":[{"taxonomy":"product_brand","embeddable":true,"href":"https:\/\/bassdj.com.br\/index.php\/wp-json\/wp\/v2\/product_brand?post=41"},{"taxonomy":"product_cat","embeddable":true,"href":"https:\/\/bassdj.com.br\/index.php\/wp-json\/wp\/v2\/product_cat?post=41"},{"taxonomy":"product_tag","embeddable":true,"href":"https:\/\/bassdj.com.br\/index.php\/wp-json\/wp\/v2\/product_tag?post=41"}],"curies":[{"name":"wp","href":"https:\/\/api.w.org\/{rel}","templated":true}]}}